{"id":692,"date":"2023-01-23T18:56:18","date_gmt":"2023-01-23T18:56:18","guid":{"rendered":"https:\/\/raianink.com\/?page_id=692"},"modified":"2023-01-31T17:12:28","modified_gmt":"2023-01-31T17:12:28","slug":"sobre-mi","status":"publish","type":"page","link":"https:\/\/raianink.com\/en\/sobre-mi\/","title":{"rendered":"About Me"},"content":{"rendered":"<p>[et_pb_section fb_built=\u00bb1&#8243; custom_padding_last_edited=\u00bbon|tablet\u00bb admin_label=\u00bbHeader\u00bb _builder_version=\u00bb4.19.4&#8243; _module_preset=\u00bbdefault\u00bb use_background_color_gradient=\u00bbon\u00bb background_color_gradient_stops=\u00bbrgba(0,0,0,0) 0%|#000000 86%\u00bb background_color_gradient_overlays_image=\u00bbon\u00bb background_image=\u00bbhttp:\/\/raianink.com\/wp-content\/uploads\/2023\/01\/3f304d7f-42b6-4019-b27e-2b3de7787e47.jpg\u00bb custom_padding=\u00bb20%||30px||false|false\u00bb custom_padding_tablet=\u00bb60px||||false|false\u00bb custom_padding_phone=\u00bb60px||||false|false\u00bb background_last_edited=\u00bbon|phone\u00bb locked=\u00bboff\u00bb collapsed=\u00bbon\u00bb global_colors_info=\u00bb{}\u00bb][et_pb_row _builder_version=\u00bb4.19.2&#8243; _module_preset=\u00bbdefault\u00bb animation_style=\u00bbfade\u00bb animation_direction=\u00bbleft\u00bb global_colors_info=\u00bb{}\u00bb][et_pb_column type=\u00bb4_4&#8243; _builder_version=\u00bb4.18.0&#8243; _module_preset=\u00bbdefault\u00bb global_colors_info=\u00bb{}\u00bb][et_pb_text _builder_version=\u00bb4.19.4&#8243; _module_preset=\u00bbc16985e1-e0d6-4022-964d-e2bfc04fa633&#8243; header_font=\u00bbRoboto|700|||||||\u00bb header_text_color=\u00bbgcid-6171fd24-b893-4d22-843a-f4129850a5c1&#8243; header_font_size=\u00bb75px\u00bb header_line_height=\u00bb1.2em\u00bb header_font_size_tablet=\u00bb40px\u00bb header_font_size_phone=\u00bb50px\u00bb header_font_size_last_edited=\u00bbon|phone\u00bb inline_fonts=\u00bbAlegreya Sans SC\u00bb global_colors_info=\u00bb{%22gcid-6171fd24-b893-4d22-843a-f4129850a5c1%22:%91%22header_text_color%22%93}\u00bb]<\/p>\n<h1><span style=\"font-family: 'Alegreya Sans SC'; font-weight: normal;\">Sobre mi&#8230;<\/span><\/h1>\n<p>[\/et_pb_text][\/et_pb_column][\/et_pb_row][\/et_pb_section][et_pb_section fb_built=\u00bb1&#8243; _builder_version=\u00bb4.19.4&#8243; _module_preset=\u00bbdefault\u00bb background_color=\u00bb#000000&#8243; background_enable_image=\u00bboff\u00bb parallax=\u00bbon\u00bb custom_padding=\u00bb30px|||||\u00bb global_colors_info=\u00bb{}\u00bb][et_pb_row _builder_version=\u00bb4.19.4&#8243; _module_preset=\u00bbdefault\u00bb animation_style=\u00bbslide\u00bb global_colors_info=\u00bb{}\u00bb][et_pb_column type=\u00bb4_4&#8243; _builder_version=\u00bb4.19.4&#8243; _module_preset=\u00bbdefault\u00bb global_colors_info=\u00bb{}\u00bb][et_pb_text _builder_version=\u00bb4.19.5&#8243; _module_preset=\u00bbdefault\u00bb hover_enabled=\u00bb0&#8243; global_colors_info=\u00bb{}\u00bb sticky_enabled=\u00bb0&#8243;]<\/p>\n<p class=\"p1\"><span style=\"color: #ffffff; font-size: medium;\">Mi nombre es Florencia Raian \u00c1lvarez. Nac\u00ed en Trelew Chubut, Patagonia Argentina. A mis 19 a\u00f1os de edad, conoc\u00ed este hermoso arte, y desde el principio supe con claridad a que estilo me quer\u00eda dedicar. Mi aprendizaje fue mayormente de forma autodidacta, con un enfoque total al estudio de las t\u00e9cnicas que deseaba implementar, y el estilo que buscaba transmitir.<\/span><\/p>\n<p class=\"p1\"><span style=\"color: #ffffff; font-size: medium;\">Desde joven me he sentido profundamente conectada a la metaf\u00edsica y la geometr\u00eda sagrada. Lo que me inspir\u00f3 a querer transmitir esa conexi\u00f3n del universo y la naturaleza, con el todo.<\/span><\/p>\n<p class=\"p1\"><span style=\"color: #ffffff; font-size: medium;\">Me apasiona dibujar y tatuar flores, hojas, patrones geom\u00e9tricos y elementos ornamentales.<\/span><\/p>\n<p class=\"p1\"><span style=\"color: #ffffff; font-size: medium;\">Disfruto cada parte del procedimiento: El estudio, el boceto, la pr\u00e1ctica, el dise\u00f1o, el freehand en la piel, y finalmente el tatuaje. Por ello cada pieza que tat\u00fao es creada por mi exclusivamente para cada cliente.<\/span><\/p>\n<p class=\"p1\"><span style=\"color: #ffffff; font-size: medium;\">Me encanta escuchar las ideas que cada uno me comparte, y el lugar en el que quieren llevar su tattoo, para asi crear un dise\u00f1o basado en mi interpretaci\u00f3n art\u00edstica.<\/span><\/p>\n<p class=\"p1\"><span style=\"color: #ffffff; font-size: medium;\">En mi camino, tuve la fortuna de compartir con muchos colegas a quienes admiro un mont\u00f3n, y de quienes he podido aprender mucho. Visit\u00e9 sus estudios en diferentes ciudades de Argentina, Buenos Aires, Cordoba, entre otras. Desde finales del 2019 me encuentro tatuando en Neuqu\u00e9n Capital.<\/span><\/p>\n<p>[\/et_pb_text][\/et_pb_column][\/et_pb_row][et_pb_row column_structure=\u00bb1_2,1_2&#8243; disabled_on=\u00bbon|off|off\u00bb _builder_version=\u00bb4.19.4&#8243; _module_preset=\u00bbdefault\u00bb locked=\u00bboff\u00bb global_colors_info=\u00bb{}\u00bb][et_pb_column type=\u00bb1_2&#8243; _builder_version=\u00bb4.19.4&#8243; _module_preset=\u00bbdefault\u00bb global_colors_info=\u00bb{}\u00bb][et_pb_button button_url=\u00bbhttps:\/\/raianink.com\/\u00bb button_text=\u00bbAtras\u00bb button_alignment=\u00bbcenter\u00bb _builder_version=\u00bb4.19.4&#8243; _module_preset=\u00bbdefault\u00bb custom_button=\u00bbon\u00bb button_text_size=\u00bb14px\u00bb button_text_color=\u00bb#1e1e1e\u00bb button_bg_color=\u00bb#d0b3af\u00bb button_border_width=\u00bb0px\u00bb button_border_radius=\u00bb0px\u00bb button_font=\u00bbArchivo|700||on|||||\u00bb button_icon=\u00bb&#x23;||divi||400&#8243; button_icon_placement=\u00bbleft\u00bb custom_padding=\u00bb18px|38px|18px|38px|true|true\u00bb animation_style=\u00bbfade\u00bb global_colors_info=\u00bb{}\u00bb][\/et_pb_button][\/et_pb_column][et_pb_column type=\u00bb1_2&#8243; _builder_version=\u00bb4.19.4&#8243; _module_preset=\u00bbdefault\u00bb global_colors_info=\u00bb{}\u00bb][et_pb_button button_url=\u00bbhttps:\/\/raianink.com\/contacto\/\u00bb button_text=\u00bbCotizar Tattoo\u00bb button_alignment=\u00bbcenter\u00bb _builder_version=\u00bb4.19.4&#8243; _module_preset=\u00bbdefault\u00bb custom_button=\u00bbon\u00bb button_text_size=\u00bb14px\u00bb button_text_color=\u00bb#1e1e1e\u00bb button_bg_color=\u00bb#d0b3af\u00bb button_border_width=\u00bb0px\u00bb button_border_radius=\u00bb0px\u00bb button_font=\u00bbArchivo|700||on|||||\u00bb button_icon=\u00bb&#x24;||divi||400&#8243; custom_padding=\u00bb18px|38px|18px|38px|true|true\u00bb animation_style=\u00bbfade\u00bb locked=\u00bboff\u00bb global_colors_info=\u00bb{}\u00bb][\/et_pb_button][\/et_pb_column][\/et_pb_row][et_pb_row column_structure=\u00bb1_2,1_2&#8243; disabled_on=\u00bboff|on|on\u00bb _builder_version=\u00bb4.19.4&#8243; _module_preset=\u00bbdefault\u00bb locked=\u00bboff\u00bb global_colors_info=\u00bb{}\u00bb][et_pb_column type=\u00bb1_2&#8243; _builder_version=\u00bb4.19.4&#8243; _module_preset=\u00bbdefault\u00bb global_colors_info=\u00bb{}\u00bb][et_pb_button button_url=\u00bbhttps:\/\/raianink.com\/contacto\/\u00bb button_text=\u00bbCotizar Tattoo\u00bb button_alignment=\u00bbcenter\u00bb disabled_on=\u00bboff|off|off\u00bb _builder_version=\u00bb4.19.4&#8243; _module_preset=\u00bbdefault\u00bb custom_button=\u00bbon\u00bb button_text_size=\u00bb14px\u00bb button_text_color=\u00bb#1e1e1e\u00bb button_bg_color=\u00bb#d0b3af\u00bb button_border_width=\u00bb0px\u00bb button_border_radius=\u00bb0px\u00bb button_font=\u00bbArchivo|700||on|||||\u00bb button_icon=\u00bb&#x24;||divi||400&#8243; custom_padding=\u00bb18px|38px|18px|38px|true|true\u00bb animation_style=\u00bbfade\u00bb locked=\u00bboff\u00bb global_colors_info=\u00bb{}\u00bb][\/et_pb_button][\/et_pb_column][et_pb_column type=\u00bb1_2&#8243; _builder_version=\u00bb4.19.4&#8243; _module_preset=\u00bbdefault\u00bb global_colors_info=\u00bb{}\u00bb][et_pb_button button_url=\u00bbhttps:\/\/raianink.com\/\u00bb button_text=\u00bbAtras\u00bb button_alignment=\u00bbcenter\u00bb _builder_version=\u00bb4.19.4&#8243; _module_preset=\u00bbdefault\u00bb custom_button=\u00bbon\u00bb button_text_size=\u00bb14px\u00bb button_text_color=\u00bb#1e1e1e\u00bb button_bg_color=\u00bb#d0b3af\u00bb button_border_width=\u00bb0px\u00bb button_border_radius=\u00bb0px\u00bb button_font=\u00bbArchivo|700||on|||||\u00bb button_icon=\u00bb&#x23;||divi||400&#8243; button_icon_placement=\u00bbleft\u00bb custom_padding=\u00bb18px|38px|18px|38px|true|true\u00bb animation_style=\u00bbfade\u00bb global_colors_info=\u00bb{}\u00bb][\/et_pb_button][\/et_pb_column][\/et_pb_row][\/et_pb_section][et_pb_section fb_built=\u00bb1&#8243; admin_label=\u00bbFooter\u00bb _builder_version=\u00bb4.19.4&#8243; _module_preset=\u00bbdefault\u00bb background_color=\u00bbgcid-2cf18f4b-ad1d-4daf-a40a-75be4919065f\u00bb background_image=\u00bbhttp:\/\/raianink.com\/wp-content\/uploads\/2023\/01\/mandafondoback.png\u00bb background_position=\u00bbtop_right\u00bb background_horizontal_offset=\u00bb0%\u00bb collapsed=\u00bbon\u00bb global_colors_info=\u00bb{%22gcid-2cf18f4b-ad1d-4daf-a40a-75be4919065f%22:%91%22background_color%22%93}\u00bb][et_pb_row disabled_on=\u00bboff|off|off\u00bb _builder_version=\u00bb4.18.0&#8243; _module_preset=\u00bbdefault\u00bb custom_margin=\u00bb||30px||false|false\u00bb locked=\u00bboff\u00bb global_colors_info=\u00bb{}\u00bb][et_pb_column type=\u00bb4_4&#8243; _builder_version=\u00bb4.18.0&#8243; _module_preset=\u00bbdefault\u00bb global_colors_info=\u00bb{}\u00bb][et_pb_text _builder_version=\u00bb4.19.2&#8243; _module_preset=\u00bbaaa7c440-590a-4078-ae0c-0f3c699ac51c\u00bb header_font=\u00bb||||||||\u00bb header_3_font=\u00bbRoboto|700|||||||\u00bb header_3_text_color=\u00bbgcid-1adb0c48-e943-4be8-b747-83127bdbd76c\u00bb header_3_font_size=\u00bb25px\u00bb header_3_line_height=\u00bb1.4em\u00bb custom_margin=\u00bb||10px||false|false\u00bb header_3_font_size_tablet=\u00bb20px\u00bb header_3_font_size_phone=\u00bb16px\u00bb header_3_font_size_last_edited=\u00bbon|phone\u00bb global_colors_info=\u00bb{%22gcid-1adb0c48-e943-4be8-b747-83127bdbd76c%22:%91%22header_3_text_color%22%93}\u00bb]<\/p>\n<h3>RaianInk<\/h3>\n<p>[\/et_pb_text][et_pb_text _builder_version=\u00bb4.19.4&#8243; _module_preset=\u00bb4c43b4b6-66bf-432d-959a-705bda24a650&#8243; text_font=\u00bbArchivo||||||||\u00bb text_text_color=\u00bbgcid-1adb0c48-e943-4be8-b747-83127bdbd76c\u00bb text_line_height=\u00bb1.6em\u00bb header_font_size_tablet=\u00bb55px\u00bb header_font_size_last_edited=\u00bboff|desktop\u00bb global_colors_info=\u00bb{%22gcid-1adb0c48-e943-4be8-b747-83127bdbd76c%22:%91%22text_text_color%22%93}\u00bb]<\/p>\n<p><span style=\"color: #ffffff; font-size: large;\">Tattoo Artist, Black Work.<\/span><\/p>\n<p>[\/et_pb_text][et_pb_image src=\u00bbhttp:\/\/raianink.com\/wp-content\/uploads\/2022\/12\/RaianLogo.png\u00bb title_text=\u00bbRaianLogo\u00bb _builder_version=\u00bb4.19.4&#8243; _module_preset=\u00bbdefault\u00bb max_height=\u00bb100px\u00bb global_colors_info=\u00bb{}\u00bb][\/et_pb_image][\/et_pb_column][\/et_pb_row][et_pb_row column_structure=\u00bb1_2,1_2&#8243; _builder_version=\u00bb4.18.0&#8243; _module_preset=\u00bbdefault\u00bb custom_padding=\u00bb11px|||||\u00bb border_color_all=\u00bbgcid-f1414204-51c0-48ff-bc68-c545a86d03e7&#8243; border_width_top=\u00bb1px\u00bb locked=\u00bboff\u00bb global_colors_info=\u00bb{%22gcid-f1414204-51c0-48ff-bc68-c545a86d03e7%22:%91%22border_color_all%22%93}\u00bb][et_pb_column type=\u00bb1_2&#8243; _builder_version=\u00bb4.18.0&#8243; _module_preset=\u00bbdefault\u00bb global_colors_info=\u00bb{}\u00bb][et_pb_text _builder_version=\u00bb4.19.4&#8243; _dynamic_attributes=\u00bbcontent\u00bb _module_preset=\u00bb1f09816e-184e-4ce5-a4cf-b39c52c423ca\u00bb text_font=\u00bbArchivo||||||||\u00bb text_text_color=\u00bbgcid-1adb0c48-e943-4be8-b747-83127bdbd76c\u00bb text_font_size=\u00bb16px\u00bb text_line_height=\u00bb1.6em\u00bb text_font_size_tablet=\u00bb15px\u00bb text_font_size_phone=\u00bb14px\u00bb text_font_size_last_edited=\u00bbon|phone\u00bb header_font_size_tablet=\u00bb55px\u00bb header_font_size_last_edited=\u00bboff|desktop\u00bb global_colors_info=\u00bb{%22gcid-1adb0c48-e943-4be8-b747-83127bdbd76c%22:%91%22text_text_color%22%93}\u00bb]@ET-DC@eyJkeW5hbWljIjp0cnVlLCJjb250ZW50IjoiY3VycmVudF9kYXRlIiwic2V0dGluZ3MiOnsiYmVmb3JlIjoiQ29weXJpZ2h0ICZjb3B5OyAiLCJhZnRlciI6IiBSYWlhbkluayIsImRhdGVfZm9ybWF0IjoiY3VzdG9tIiwiY3VzdG9tX2RhdGVfZm9ybWF0IjoiWSJ9fQ==@[\/et_pb_text][\/et_pb_column][et_pb_column type=\u00bb1_2&#8243; _builder_version=\u00bb4.18.0&#8243; _module_preset=\u00bbdefault\u00bb global_colors_info=\u00bb{}\u00bb][et_pb_text _builder_version=\u00bb4.19.4&#8243; _module_preset=\u00bb1f09816e-184e-4ce5-a4cf-b39c52c423ca\u00bb text_font=\u00bbArchivo||||||||\u00bb text_text_color=\u00bbgcid-1adb0c48-e943-4be8-b747-83127bdbd76c\u00bb text_font_size=\u00bb16px\u00bb text_line_height=\u00bb1.6em\u00bb link_text_color=\u00bbgcid-1adb0c48-e943-4be8-b747-83127bdbd76c\u00bb text_orientation=\u00bbright\u00bb text_font_size_tablet=\u00bb15px\u00bb text_font_size_phone=\u00bb14px\u00bb text_font_size_last_edited=\u00bbon|phone\u00bb header_font_size_tablet=\u00bb55px\u00bb header_font_size_last_edited=\u00bboff|desktop\u00bb text_orientation_tablet=\u00bbleft\u00bb text_orientation_phone=\u00bb\u00bb text_orientation_last_edited=\u00bbon|tablet\u00bb locked=\u00bboff\u00bb global_colors_info=\u00bb{%22gcid-2cf18f4b-ad1d-4daf-a40a-75be4919065f%22:%91%22text_text_color%22%93,%22gcid-1adb0c48-e943-4be8-b747-83127bdbd76c%22:%91%22text_text_color%22,%22link_text_color%22%93}\u00bb]<\/p>\n<p><a href=\"https:\/\/raianink.com\/politica-de-privacidad\/\">Pol\u00edtica de privacidad<\/a> | <a href=\"https:\/\/raianink.com\/aviso-legal\/\">T\u00e9rminos y condiciones<\/a><\/p>\n<p>[\/et_pb_text][\/et_pb_column][\/et_pb_row][\/et_pb_section]<\/p>\n","protected":false},"excerpt":{"rendered":"<p>Sobre mi&#8230;Mi nombre es Florencia Raian \u00c1lvarez. Nac\u00ed en Trelew Chubut, Patagonia Argentina. A mis 19 a\u00f1os de edad, conoc\u00ed este hermoso arte, y desde el principio supe con claridad a que estilo me quer\u00eda dedicar. Mi aprendizaje fue mayormente de forma autodidacta, con un enfoque total al estudio de las t\u00e9cnicas que deseaba implementar, [&hellip;]<\/p>\n","protected":false},"author":1,"featured_media":0,"parent":0,"menu_order":0,"comment_status":"closed","ping_status":"closed","template":"","meta":{"_et_pb_use_builder":"on","_et_pb_old_content":"","_et_gb_content_width":"","_joinchat":[],"footnotes":""},"class_list":["post-692","page","type-page","status-publish","hentry"],"yoast_head":"<!-- This site is optimized with the Yoast SEO plugin v27.5 - https:\/\/yoast.com\/product\/yoast-seo-wordpress\/ -->\n<title>Sobre Mi - RaianInk<\/title>\n<meta name=\"robots\" content=\"index, follow, max-snippet:-1, max-image-preview:large, max-video-preview:-1\" \/>\n<link rel=\"canonical\" href=\"https:\/\/raianink.com\/en\/sobre-mi\/\" \/>\n<meta property=\"og:locale\" content=\"en_US\" \/>\n<meta property=\"og:type\" content=\"article\" \/>\n<meta property=\"og:title\" content=\"Sobre Mi - RaianInk\" \/>\n<meta property=\"og:description\" content=\"Sobre mi...Mi nombre es Florencia Raian \u00c1lvarez. Nac\u00ed en Trelew Chubut, Patagonia Argentina. A mis 19 a\u00f1os de edad, conoc\u00ed este hermoso arte, y desde el principio supe con claridad a que estilo me quer\u00eda dedicar. Mi aprendizaje fue mayormente de forma autodidacta, con un enfoque total al estudio de las t\u00e9cnicas que deseaba implementar, [&hellip;]\" \/>\n<meta property=\"og:url\" content=\"https:\/\/raianink.com\/en\/sobre-mi\/\" \/>\n<meta property=\"og:site_name\" content=\"RaianInk\" \/>\n<meta property=\"article:modified_time\" content=\"2023-01-31T17:12:28+00:00\" \/>\n<meta name=\"twitter:card\" content=\"summary_large_image\" \/>\n<meta name=\"twitter:label1\" content=\"Est. reading time\" \/>\n\t<meta name=\"twitter:data1\" content=\"8 minutes\" \/>\n<script type=\"application\/ld+json\" class=\"yoast-schema-graph\">{\"@context\":\"https:\\\/\\\/schema.org\",\"@graph\":[{\"@type\":\"WebPage\",\"@id\":\"https:\\\/\\\/raianink.com\\\/sobre-mi\\\/\",\"url\":\"https:\\\/\\\/raianink.com\\\/sobre-mi\\\/\",\"name\":\"Sobre Mi - RaianInk\",\"isPartOf\":{\"@id\":\"https:\\\/\\\/raianink.com\\\/#website\"},\"datePublished\":\"2023-01-23T18:56:18+00:00\",\"dateModified\":\"2023-01-31T17:12:28+00:00\",\"breadcrumb\":{\"@id\":\"https:\\\/\\\/raianink.com\\\/sobre-mi\\\/#breadcrumb\"},\"inLanguage\":\"en-US\",\"potentialAction\":[{\"@type\":\"ReadAction\",\"target\":[\"https:\\\/\\\/raianink.com\\\/sobre-mi\\\/\"]}]},{\"@type\":\"BreadcrumbList\",\"@id\":\"https:\\\/\\\/raianink.com\\\/sobre-mi\\\/#breadcrumb\",\"itemListElement\":[{\"@type\":\"ListItem\",\"position\":1,\"name\":\"Portada\",\"item\":\"https:\\\/\\\/raianink.com\\\/\"},{\"@type\":\"ListItem\",\"position\":2,\"name\":\"Sobre Mi\"}]},{\"@type\":\"WebSite\",\"@id\":\"https:\\\/\\\/raianink.com\\\/#website\",\"url\":\"https:\\\/\\\/raianink.com\\\/\",\"name\":\"RaianInk\",\"description\":\"Tattoo Artist, Black Work.\",\"publisher\":{\"@id\":\"https:\\\/\\\/raianink.com\\\/#organization\"},\"potentialAction\":[{\"@type\":\"SearchAction\",\"target\":{\"@type\":\"EntryPoint\",\"urlTemplate\":\"https:\\\/\\\/raianink.com\\\/?s={search_term_string}\"},\"query-input\":{\"@type\":\"PropertyValueSpecification\",\"valueRequired\":true,\"valueName\":\"search_term_string\"}}],\"inLanguage\":\"en-US\"},{\"@type\":\"Organization\",\"@id\":\"https:\\\/\\\/raianink.com\\\/#organization\",\"name\":\"RaianInk\",\"url\":\"https:\\\/\\\/raianink.com\\\/\",\"logo\":{\"@type\":\"ImageObject\",\"inLanguage\":\"en-US\",\"@id\":\"https:\\\/\\\/raianink.com\\\/#\\\/schema\\\/logo\\\/image\\\/\",\"url\":\"https:\\\/\\\/raianink.com\\\/wp-content\\\/uploads\\\/2023\\\/01\\\/RaianWhats.png\",\"contentUrl\":\"https:\\\/\\\/raianink.com\\\/wp-content\\\/uploads\\\/2023\\\/01\\\/RaianWhats.png\",\"width\":512,\"height\":512,\"caption\":\"RaianInk\"},\"image\":{\"@id\":\"https:\\\/\\\/raianink.com\\\/#\\\/schema\\\/logo\\\/image\\\/\"},\"sameAs\":[\"https:\\\/\\\/www.instagram.com\\\/raianink\\\/\"]}]}<\/script>\n<!-- \/ Yoast SEO plugin. -->","yoast_head_json":{"title":"Sobre Mi - RaianInk","robots":{"index":"index","follow":"follow","max-snippet":"max-snippet:-1","max-image-preview":"max-image-preview:large","max-video-preview":"max-video-preview:-1"},"canonical":"https:\/\/raianink.com\/en\/sobre-mi\/","og_locale":"en_US","og_type":"article","og_title":"Sobre Mi - RaianInk","og_description":"Sobre mi...Mi nombre es Florencia Raian \u00c1lvarez. Nac\u00ed en Trelew Chubut, Patagonia Argentina. A mis 19 a\u00f1os de edad, conoc\u00ed este hermoso arte, y desde el principio supe con claridad a que estilo me quer\u00eda dedicar. Mi aprendizaje fue mayormente de forma autodidacta, con un enfoque total al estudio de las t\u00e9cnicas que deseaba implementar, [&hellip;]","og_url":"https:\/\/raianink.com\/en\/sobre-mi\/","og_site_name":"RaianInk","article_modified_time":"2023-01-31T17:12:28+00:00","twitter_card":"summary_large_image","twitter_misc":{"Est. reading time":"8 minutes"},"schema":{"@context":"https:\/\/schema.org","@graph":[{"@type":"WebPage","@id":"https:\/\/raianink.com\/sobre-mi\/","url":"https:\/\/raianink.com\/sobre-mi\/","name":"Sobre Mi - RaianInk","isPartOf":{"@id":"https:\/\/raianink.com\/#website"},"datePublished":"2023-01-23T18:56:18+00:00","dateModified":"2023-01-31T17:12:28+00:00","breadcrumb":{"@id":"https:\/\/raianink.com\/sobre-mi\/#breadcrumb"},"inLanguage":"en-US","potentialAction":[{"@type":"ReadAction","target":["https:\/\/raianink.com\/sobre-mi\/"]}]},{"@type":"BreadcrumbList","@id":"https:\/\/raianink.com\/sobre-mi\/#breadcrumb","itemListElement":[{"@type":"ListItem","position":1,"name":"Portada","item":"https:\/\/raianink.com\/"},{"@type":"ListItem","position":2,"name":"Sobre Mi"}]},{"@type":"WebSite","@id":"https:\/\/raianink.com\/#website","url":"https:\/\/raianink.com\/","name":"RaianInk","description":"Tattoo Artist, Black Work.","publisher":{"@id":"https:\/\/raianink.com\/#organization"},"potentialAction":[{"@type":"SearchAction","target":{"@type":"EntryPoint","urlTemplate":"https:\/\/raianink.com\/?s={search_term_string}"},"query-input":{"@type":"PropertyValueSpecification","valueRequired":true,"valueName":"search_term_string"}}],"inLanguage":"en-US"},{"@type":"Organization","@id":"https:\/\/raianink.com\/#organization","name":"RaianInk","url":"https:\/\/raianink.com\/","logo":{"@type":"ImageObject","inLanguage":"en-US","@id":"https:\/\/raianink.com\/#\/schema\/logo\/image\/","url":"https:\/\/raianink.com\/wp-content\/uploads\/2023\/01\/RaianWhats.png","contentUrl":"https:\/\/raianink.com\/wp-content\/uploads\/2023\/01\/RaianWhats.png","width":512,"height":512,"caption":"RaianInk"},"image":{"@id":"https:\/\/raianink.com\/#\/schema\/logo\/image\/"},"sameAs":["https:\/\/www.instagram.com\/raianink\/"]}]}},"_links":{"self":[{"href":"https:\/\/raianink.com\/en\/wp-json\/wp\/v2\/pages\/692","targetHints":{"allow":["GET"]}}],"collection":[{"href":"https:\/\/raianink.com\/en\/wp-json\/wp\/v2\/pages"}],"about":[{"href":"https:\/\/raianink.com\/en\/wp-json\/wp\/v2\/types\/page"}],"author":[{"embeddable":true,"href":"https:\/\/raianink.com\/en\/wp-json\/wp\/v2\/users\/1"}],"replies":[{"embeddable":true,"href":"https:\/\/raianink.com\/en\/wp-json\/wp\/v2\/comments?post=692"}],"version-history":[{"count":13,"href":"https:\/\/raianink.com\/en\/wp-json\/wp\/v2\/pages\/692\/revisions"}],"predecessor-version":[{"id":920,"href":"https:\/\/raianink.com\/en\/wp-json\/wp\/v2\/pages\/692\/revisions\/920"}],"wp:attachment":[{"href":"https:\/\/raianink.com\/en\/wp-json\/wp\/v2\/media?parent=692"}],"curies":[{"name":"wp","href":"https:\/\/api.w.org\/{rel}","templated":true}]}}